{"id":689,"date":"2015-09-04T09:26:33","date_gmt":"2015-09-04T09:26:33","guid":{"rendered":"http:\/\/pitch.select-themes.com\/?page_id=689"},"modified":"2026-01-29T10:22:15","modified_gmt":"2026-01-29T10:22:15","slug":"chi-siamo","status":"publish","type":"page","link":"https:\/\/www.cmed.it\/en\/chi-siamo\/","title":{"rendered":"About us"},"content":{"rendered":"<div      class=\"vc_row wpb_row section  grid_section\" style=' padding-top:38px; padding-bottom:41px; text-align:left;'><div class=\"section_inner clearfix\"><div class='section_inner_margin clearfix'><div class=\"wpb_column vc_column_container vc_col-sm-12 vc_col-md-6 vc_col-xs-12\"><div class=\"vc_column-inner\"><div class=\"wpb_wrapper\">\n\t<div class=\"wpb_text_column wpb_content_element\">\n\t\t<div class=\"wpb_wrapper\">\n\t\t\t<h3 style=\"text-transform: none !important;\"><strong>About us<\/strong><\/h3>\n\n\t\t<\/div> \n\t<\/div> <div class=\"separator  transparent\" style=\"margin-top:21px;margin-bottom:0px\"><\/div>\n\n\t<div class=\"wpb_text_column wpb_content_element\">\n\t\t<div class=\"wpb_wrapper\">\n\t\t\t<p>C + MED s.r.l. is one of the leading companies in Europe in the production of medical devices for hospitals, pharmacies and large distribution, and is also present on the national territory through the PHARMACY channel, with its own line of DR+HOP branded products: dressings, plasters, thermometers and syringes are present in the major Italian pharmacies.<\/p>\n<p>C + MED s.r.l. designs and develops in house cutting-edge technology necessary to satisfy any customer need, both from a quality and quantity point of view.<\/p>\n<p>The production range of C+MED s.r.l includes every type of dressings, disposable medical products and PPE, within all the classes required by the European Directive 93\/42\/EEC and subsequent amendments.<\/p>\n\n\t\t<\/div> \n\t<\/div> <div class=\"separator  transparent\" style=\"margin-top:40px;margin-bottom:0px\"><\/div>\n<\/div><\/div><\/div><div class=\"wpb_column vc_column_container vc_col-sm-12 vc_col-md-6 vc_col-xs-12\"><div class=\"vc_column-inner\"><div class=\"wpb_wrapper\"><div class=\"separator  transparent\" style=\"margin-top:21px;margin-bottom:0px\"><\/div>\n\n\t<div class=\"wpb_text_column wpb_content_element\">\n\t\t<div class=\"wpb_wrapper\">\n\t\t\t<p>C + MED s.r.l. researches, certifies, and produces new products every year to offer its customers a constantly evolving range of products.<\/p>\n<p>All medical devices produced by C+Med s.r.l. are certified by the ICIM notifying body, authorized by the Ministry of Health and have the CE marking.<\/p>\n<p>Thanks to its graphics department, moreover, it supports its customers in the creation of graphics for packaging as well as in the preparation of all the technical, marketing and advertising material necessary for a correct and effective promotion of the required products.<\/p>\n<p>C+MED designs and manufactures medical devices of the following classes:<\/p>\n<p>classes I, Is, IIa, IIb e III.<\/p>\n\n\t\t<\/div> \n\t<\/div> <div class=\"separator  transparent\" style=\"margin-top:40px;margin-bottom:0px\"><\/div>\n<\/div><\/div><\/div><\/div><\/div><\/div><div      class=\"vc_row wpb_row section  grid_section\" style='background-color:#e5e5e5; padding-top:119px; padding-bottom:35px; text-align:left;'><div class=\"section_inner clearfix\"><div class='section_inner_margin clearfix'><div class=\"wpb_column vc_column_container vc_col-sm-12 vc_col-md-12 vc_col-xs-12\"><div class=\"vc_column-inner\"><div class=\"wpb_wrapper\"><h2 style=\"text-align: center\" class=\"vc_custom_heading\" >Products<\/h2><div class=\"separator  transparent\" style=\"margin-top:40px;margin-bottom:0px\"><\/div>\n\n\t<div class=\"wpb_text_column wpb_content_element\">\n\t\t<div class=\"wpb_wrapper\">\n\t\t\t<p style=\"text-align: center;\">The range of products made available to C + Med is the following:<\/p>\n\n\t\t<\/div> \n\t<\/div> <div class=\"separator  transparent\" style=\"margin-top:40px;margin-bottom:0px\"><\/div>\n<div      class=\"vc_row wpb_row vc_inner section\" style=' text-align:left;'><div class=\"full_section_inner clearfix\"><div class=\"wpb_column vc_column_container vc_col-sm-4\"><div class=\"vc_column-inner\"><div class=\"wpb_wrapper\"><div class='q_icon_with_title  circle center' ><div class=\"icon_holder  custom_icon_holder\" style=\"margin: -10px 0 0 0; \"><div class=\"icon_holder_inner\"><div class=\"custom_icon\"><img class=\"custom_icon_original\" src=\"https:\/\/www.cmed.it\/wp-content\/uploads\/2021\/09\/medication.png\" alt=\"Custom Image\"><\/div><\/div><\/div><div class=\"icon_text_holder\"><div class=\"icon_title_inner_holder\"><h4 class=\"icon_title custom_icon_holder\" style=\"\">Surgical dressings<\/h4><\/div><div class=\"icon_text_inner\"><p style=''><\/p><\/div><\/div><\/div><div class=\"separator  transparent\" style=\"margin-top:40px;margin-bottom:0px\"><\/div>\n<\/div><\/div><\/div><div class=\"wpb_column vc_column_container vc_col-sm-4\"><div class=\"vc_column-inner\"><div class=\"wpb_wrapper\"><div class='q_icon_with_title  circle center' ><div class=\"icon_holder  custom_icon_holder\" style=\"margin: -10px 0 0 0; \"><div class=\"icon_holder_inner\"><div class=\"custom_icon\"><img class=\"custom_icon_original\" src=\"https:\/\/www.cmed.it\/wp-content\/uploads\/2021\/09\/cloves.png\" alt=\"Custom Image\"><\/div><\/div><\/div><div class=\"icon_text_holder\"><div class=\"icon_title_inner_holder\"><h4 class=\"icon_title custom_icon_holder\" style=\"\">Disposable medical products<\/h4><\/div><div class=\"icon_text_inner\"><p style=''><\/p><\/div><\/div><\/div><div class=\"separator  transparent\" style=\"margin-top:40px;margin-bottom:0px\"><\/div>\n<\/div><\/div><\/div><div class=\"wpb_column vc_column_container vc_col-sm-4\"><div class=\"vc_column-inner\"><div class=\"wpb_wrapper\"><div class='q_icon_with_title  circle center' ><div class=\"icon_holder  custom_icon_holder\" style=\"margin: -10px 0 0 0; \"><div class=\"icon_holder_inner\"><div class=\"custom_icon\"><img class=\"custom_icon_original\" src=\"https:\/\/www.cmed.it\/wp-content\/uploads\/2021\/09\/mask.png\" alt=\"Custom Image\"><\/div><\/div><\/div><div class=\"icon_text_holder\"><div class=\"icon_title_inner_holder\"><h4 class=\"icon_title custom_icon_holder\" style=\"\">Personal protective equipment<\/h4><\/div><div class=\"icon_text_inner\"><p style=''><\/p><\/div><\/div><\/div><div class=\"separator  transparent\" style=\"margin-top:40px;margin-bottom:0px\"><\/div>\n<\/div><\/div><\/div><\/div><\/div><\/div><\/div><\/div><\/div><\/div><\/div><div      class=\"vc_row wpb_row section  grid_section\" style=' padding-top:119px; padding-bottom:35px; text-align:left;'><div class=\"section_inner clearfix\"><div class='section_inner_margin clearfix'><div class=\"wpb_column vc_column_container vc_col-sm-12 vc_col-md-12 vc_col-xs-12\"><div class=\"vc_column-inner\"><div class=\"wpb_wrapper\"><h2 style=\"text-align: center\" class=\"vc_custom_heading\" >Services<\/h2><div class=\"separator  transparent\" style=\"margin-top:40px;margin-bottom:0px\"><\/div>\n\n\t<div class=\"wpb_text_column wpb_content_element\">\n\t\t<div class=\"wpb_wrapper\">\n\t\t\t<p style=\"text-align: center;\"><strong>C + MED supports its customers in choosing the most appropriate marketing and promotional strategies.<\/strong><\/p>\n<p style=\"text-align: center;\"><strong>It aspires to become the single point of contact for all the production needs of its customers regarding medical devices, not to be simple suppliers of products and services, but real Partners with whom to share perspectives and projects.\nTogether with the production C + MED can take care of:<\/strong><\/p>\n\n\t\t<\/div> \n\t<\/div> <div class=\"separator  transparent\" style=\"margin-top:40px;margin-bottom:0px\"><\/div>\n<div      class=\"vc_row wpb_row vc_inner section\" style=' text-align:left;'><div class=\"full_section_inner clearfix\"><div class=\"wpb_column vc_column_container vc_col-sm-3\"><div class=\"vc_column-inner\"><div class=\"wpb_wrapper\"><div class='q_icon_with_title  circle' ><div class=\"icon_holder\" style=\"margin: -10px 0 0 0; \"><div class=\"icon_holder_inner\"><span class=\"q_font_elegant_holder circle  custom-font\" style=\"font-size: 30px;width: 47px;height: 47px;line-height: 47px;\"><span aria-hidden=\"true\" class=\"qode_icon_font_elegant icon_check icon_text_icon q_font_elegant_icon\" style=\"font-size: 30px;\" ><\/span><\/span><\/div><\/div><div class=\"icon_text_holder\" style=\"padding-left: 86px;\"><div class=\"icon_title_inner_holder\"><h4 class=\"icon_title\" style=\"\"><\/h4><\/div><div class=\"icon_text_inner\"><p style=''>Tests to support the product (stability tests, safety and efficacy tests)<\/p><\/div><\/div><\/div><div class=\"separator  transparent\" style=\"margin-top:40px;margin-bottom:0px\"><\/div>\n<\/div><\/div><\/div><div class=\"wpb_column vc_column_container vc_col-sm-3\"><div class=\"vc_column-inner\"><div class=\"wpb_wrapper\"><div class='q_icon_with_title  circle' ><div class=\"icon_holder\" style=\"margin: -10px 0 0 0; \"><div class=\"icon_holder_inner\"><span class=\"q_font_elegant_holder circle  custom-font\" style=\"font-size: 30px;width: 47px;height: 47px;line-height: 47px;\"><span aria-hidden=\"true\" class=\"qode_icon_font_elegant icon_check icon_text_icon q_font_elegant_icon\" style=\"font-size: 30px;\" ><\/span><\/span><\/div><\/div><div class=\"icon_text_holder\" style=\"padding-left: 86px;\"><div class=\"icon_title_inner_holder\"><h4 class=\"icon_title\" style=\"\"><\/h4><\/div><div class=\"icon_text_inner\"><p style=''>Legislative procedures (Online notification to the Ministry of Health, certificates of free sale)<\/p><\/div><\/div><\/div><div class=\"separator  transparent\" style=\"margin-top:40px;margin-bottom:0px\"><\/div>\n<\/div><\/div><\/div><div class=\"wpb_column vc_column_container vc_col-sm-3\"><div class=\"vc_column-inner\"><div class=\"wpb_wrapper\"><div class='q_icon_with_title  circle' ><div class=\"icon_holder\" style=\"margin: -10px 0 0 0; \"><div class=\"icon_holder_inner\"><span class=\"q_font_elegant_holder circle  custom-font\" style=\"font-size: 30px;width: 47px;height: 47px;line-height: 47px;\"><span aria-hidden=\"true\" class=\"qode_icon_font_elegant icon_check icon_text_icon q_font_elegant_icon\" style=\"font-size: 30px;\" ><\/span><\/span><\/div><\/div><div class=\"icon_text_holder\" style=\"padding-left: 86px;\"><div class=\"icon_title_inner_holder\"><h4 class=\"icon_title\" style=\"\"><\/h4><\/div><div class=\"icon_text_inner\"><p style=''>Drafting of documents supporting the product (technical file)<\/p><\/div><\/div><\/div><div class=\"separator  transparent\" style=\"margin-top:40px;margin-bottom:0px\"><\/div>\n<\/div><\/div><\/div><div class=\"wpb_column vc_column_container vc_col-sm-3\"><div class=\"vc_column-inner\"><div class=\"wpb_wrapper\"><div class='q_icon_with_title  circle' ><div class=\"icon_holder\" style=\"margin: -10px 0 0 0; \"><div class=\"icon_holder_inner\"><span class=\"q_font_elegant_holder circle  custom-font\" style=\"font-size: 30px;width: 47px;height: 47px;line-height: 47px;\"><span aria-hidden=\"true\" class=\"qode_icon_font_elegant icon_check icon_text_icon q_font_elegant_icon\" style=\"font-size: 30px;\" ><\/span><\/span><\/div><\/div><div class=\"icon_text_holder\" style=\"padding-left: 86px;\"><div class=\"icon_title_inner_holder\"><h4 class=\"icon_title\" style=\"\"><\/h4><\/div><div class=\"icon_text_inner\"><p style=''>Graphics of primary and secondary packaging<\/p><\/div><\/div><\/div><div class=\"separator  transparent\" style=\"margin-top:40px;margin-bottom:0px\"><\/div>\n<\/div><\/div><\/div><\/div><\/div><\/div><\/div><\/div><\/div><\/div><\/div><div      class=\"vc_row wpb_row section  grid_section\" style='background-color:#e5e5e5; padding-top:119px; padding-bottom:35px; text-align:left;'><div class=\"section_inner clearfix\"><div class='section_inner_margin clearfix'><div class=\"wpb_column vc_column_container vc_col-sm-12 vc_col-md-12 vc_col-xs-12\"><div class=\"vc_column-inner\"><div class=\"wpb_wrapper\"><h2 style=\"text-align: center\" class=\"vc_custom_heading\" >Business Unit<\/h2><div class=\"separator  transparent\" style=\"margin-top:40px;margin-bottom:0px\"><\/div>\n<div class=\"separator  transparent\" style=\"margin-top:40px;margin-bottom:0px\"><\/div>\n<div      class=\"vc_row wpb_row vc_inner section\" style=' text-align:left;'><div class=\"full_section_inner clearfix\"><div class=\"wpb_column vc_column_container vc_col-sm-4\"><div class=\"vc_column-inner\"><div class=\"wpb_wrapper\"><div class='q_icon_with_title  circle' ><div class=\"icon_holder\" style=\"margin: -10px 0 0 0; \"><div class=\"icon_holder_inner\"><span class=\"q_font_elegant_holder circle  custom-font\" style=\"font-size: 30px;width: 47px;height: 47px;line-height: 47px;\"><span aria-hidden=\"true\" class=\"qode_icon_font_elegant icon_check icon_text_icon q_font_elegant_icon\" style=\"font-size: 30px;\" ><\/span><\/span><\/div><\/div><div class=\"icon_text_holder\" style=\"padding-left: 86px;\"><div class=\"icon_title_inner_holder\"><h4 class=\"icon_title\" style=\"\"><\/h4><\/div><div class=\"icon_text_inner\"><p style=''>Production and marketing of medical devices for Hospitals, Clinics, Pharmacy, Large-scale distribution<\/p><\/div><\/div><\/div><div class=\"separator  transparent\" style=\"margin-top:40px;margin-bottom:0px\"><\/div>\n<\/div><\/div><\/div><div class=\"wpb_column vc_column_container vc_col-sm-4\"><div class=\"vc_column-inner\"><div class=\"wpb_wrapper\"><div class='q_icon_with_title  circle' ><div class=\"icon_holder\" style=\"margin: -10px 0 0 0; \"><div class=\"icon_holder_inner\"><span class=\"q_font_elegant_holder circle  custom-font\" style=\"font-size: 30px;width: 47px;height: 47px;line-height: 47px;\"><span aria-hidden=\"true\" class=\"qode_icon_font_elegant icon_check icon_text_icon q_font_elegant_icon\" style=\"font-size: 30px;\" ><\/span><\/span><\/div><\/div><div class=\"icon_text_holder\" style=\"padding-left: 86px;\"><div class=\"icon_title_inner_holder\"><h4 class=\"icon_title\" style=\"\"><\/h4><\/div><div class=\"icon_text_inner\"><p style=''>Private Label Service<\/p><\/div><\/div><\/div><div class=\"separator  transparent\" style=\"margin-top:40px;margin-bottom:0px\"><\/div>\n<\/div><\/div><\/div><div class=\"wpb_column vc_column_container vc_col-sm-4\"><div class=\"vc_column-inner\"><div class=\"wpb_wrapper\"><div class='q_icon_with_title  circle' ><div class=\"icon_holder\" style=\"margin: -10px 0 0 0; \"><div class=\"icon_holder_inner\"><span class=\"q_font_elegant_holder circle  custom-font\" style=\"font-size: 30px;width: 47px;height: 47px;line-height: 47px;\"><span aria-hidden=\"true\" class=\"qode_icon_font_elegant icon_check icon_text_icon q_font_elegant_icon\" style=\"font-size: 30px;\" ><\/span><\/span><\/div><\/div><div class=\"icon_text_holder\" style=\"padding-left: 86px;\"><div class=\"icon_title_inner_holder\"><h4 class=\"icon_title\" style=\"\"><\/h4><\/div><div class=\"icon_text_inner\"><p style=''>Medication line under our brand (DR+HOP) to meet the needs of distributors and wholesalers.<\/p><\/div><\/div><\/div><div class=\"separator  transparent\" style=\"margin-top:40px;margin-bottom:0px\"><\/div>\n<div class=\"separator  transparent\" style=\"margin-top:40px;margin-bottom:0px\"><\/div>\n<\/div><\/div><\/div><\/div><\/div><\/div><\/div><\/div><\/div><\/div><\/div>","protected":false},"excerpt":{"rendered":"Chi siamo C+MED s.r.l. \u00e8 tra le societ\u00e0 leader in Europa nella produzione di Dispositivi Medici per Ospedale, Farmacia e Grande Distribuzione, inoltre \u00e8 presente sul territorio nazionale attraverso il canale FARMACIA, con la propria linea di prodotti a marchio DR+HOP, medicazioni, cerotti, termometro e...","protected":false},"author":2,"featured_media":0,"parent":0,"menu_order":0,"comment_status":"closed","ping_status":"closed","template":"full_width.php","meta":{"footnotes":""},"class_list":["post-689","page","type-page","status-publish","hentry"],"_links":{"self":[{"href":"https:\/\/www.cmed.it\/en\/wp-json\/wp\/v2\/pages\/689","targetHints":{"allow":["GET"]}}],"collection":[{"href":"https:\/\/www.cmed.it\/en\/wp-json\/wp\/v2\/pages"}],"about":[{"href":"https:\/\/www.cmed.it\/en\/wp-json\/wp\/v2\/types\/page"}],"author":[{"embeddable":true,"href":"https:\/\/www.cmed.it\/en\/wp-json\/wp\/v2\/users\/2"}],"replies":[{"embeddable":true,"href":"https:\/\/www.cmed.it\/en\/wp-json\/wp\/v2\/comments?post=689"}],"version-history":[{"count":10,"href":"https:\/\/www.cmed.it\/en\/wp-json\/wp\/v2\/pages\/689\/revisions"}],"predecessor-version":[{"id":58064,"href":"https:\/\/www.cmed.it\/en\/wp-json\/wp\/v2\/pages\/689\/revisions\/58064"}],"wp:attachment":[{"href":"https:\/\/www.cmed.it\/en\/wp-json\/wp\/v2\/media?parent=689"}],"curies":[{"name":"wp","href":"https:\/\/api.w.org\/{rel}","templated":true}]}}